{"id":1243,"date":"2020-09-03T16:45:47","date_gmt":"2020-09-03T14:45:47","guid":{"rendered":"http:\/\/bouffscene.fr\/?page_id=1243"},"modified":"2025-08-09T15:01:35","modified_gmt":"2025-08-09T13:01:35","slug":"nos-anniversaires","status":"publish","type":"page","link":"https:\/\/bouffscene.fr\/?page_id=1243","title":{"rendered":"ANNIVERSAIRE"},"content":{"rendered":"<h1 style=\"text-align: center;\"><img loading=\"lazy\" decoding=\"async\" class=\"aligncenter wp-image-954\" src=\"http:\/\/bouffscene.fr\/wp-content\/uploads\/2020\/04\/Bouff-Kids-Party-1024x346.png\" alt=\"\" width=\"650\" height=\"219\" srcset=\"https:\/\/bouffscene.fr\/wp-content\/uploads\/2020\/04\/Bouff-Kids-Party-1024x346.png 1024w, https:\/\/bouffscene.fr\/wp-content\/uploads\/2020\/04\/Bouff-Kids-Party-300x101.png 300w, https:\/\/bouffscene.fr\/wp-content\/uploads\/2020\/04\/Bouff-Kids-Party-768x259.png 768w, https:\/\/bouffscene.fr\/wp-content\/uploads\/2020\/04\/Bouff-Kids-Party-1140x385.png 1140w, https:\/\/bouffscene.fr\/wp-content\/uploads\/2020\/04\/Bouff-Kids-Party-600x203.png 600w, https:\/\/bouffscene.fr\/wp-content\/uploads\/2020\/04\/Bouff-Kids-Party.png 1250w\" sizes=\"(max-width: 650px) 100vw, 650px\" \/><\/h1>\n<p>&nbsp;<\/p>\n<p><img loading=\"lazy\" decoding=\"async\" class=\"aligncenter wp-image-177\" src=\"http:\/\/bouffscene.fr\/wp-content\/uploads\/2020\/04\/IMG_5903-1024x768-e1587386083918-1024x768.jpg\" alt=\"\" width=\"600\" height=\"450\" srcset=\"https:\/\/bouffscene.fr\/wp-content\/uploads\/2020\/04\/IMG_5903-1024x768-e1587386083918.jpg 1024w, https:\/\/bouffscene.fr\/wp-content\/uploads\/2020\/04\/IMG_5903-1024x768-e1587386083918-600x450.jpg 600w, https:\/\/bouffscene.fr\/wp-content\/uploads\/2020\/04\/IMG_5903-1024x768-e1587386083918-300x225.jpg 300w, https:\/\/bouffscene.fr\/wp-content\/uploads\/2020\/04\/IMG_5903-1024x768-e1587386083918-768x576.jpg 768w\" sizes=\"(max-width: 600px) 100vw, 600px\" \/><\/p>\n<p>&nbsp;<\/p>\n<p style=\"text-align: center;\">Vous \u00eates \u00e0 cours d&rsquo;id\u00e9es pour organiser l&rsquo;anniversaire de vos enfants?<\/p>\n<p style=\"text-align: center;\">Nous sommes l\u00e0 pour lui organiser un anniversaire unique et inoubliable.<\/p>\n<h2>\u00a0<\/h2>\n<p>&nbsp;<\/p>\n<h1 style=\"text-align: center;\"><span style=\"color: #3366ff;\"><strong>4 formules au choix\u00a0<\/strong><\/span><\/h1>\n<p>&nbsp;<\/p>\n<ul>\n<li style=\"text-align: left;\">Chasse au tr\u00e9sor (+ un jeu personnalis\u00e9 en fonction des passions de l\u2019enfant : chanteur, dessins anim\u00e9s, \u2026)<\/li>\n<li style=\"text-align: left;\">Enqu\u00eate Polici\u00e8re : Venez aider l&rsquo;inspecteur \u00e0 r\u00e9soudre une enqu\u00eate polici\u00e8re<\/li>\n<li style=\"text-align: left;\">Escape Game Koh-Lanta<\/li>\n<li style=\"text-align: left;\">Escape Game Fort Boyard ( \u00e0 partir du CM1)<\/li>\n<\/ul>\n<h1>\u00a0<\/h1>\n<h1><img loading=\"lazy\" decoding=\"async\" class=\"aligncenter wp-image-1450\" src=\"http:\/\/bouffscene.fr\/wp-content\/uploads\/2021\/10\/test-visuel-anniversaire-212x300.jpg\" alt=\"\" width=\"300\" height=\"424\" srcset=\"https:\/\/bouffscene.fr\/wp-content\/uploads\/2021\/10\/test-visuel-anniversaire-212x300.jpg 212w, https:\/\/bouffscene.fr\/wp-content\/uploads\/2021\/10\/test-visuel-anniversaire-724x1024.jpg 724w, https:\/\/bouffscene.fr\/wp-content\/uploads\/2021\/10\/test-visuel-anniversaire-768x1086.jpg 768w, https:\/\/bouffscene.fr\/wp-content\/uploads\/2021\/10\/test-visuel-anniversaire-1086x1536.jpg 1086w, https:\/\/bouffscene.fr\/wp-content\/uploads\/2021\/10\/test-visuel-anniversaire-1448x2048.jpg 1448w, https:\/\/bouffscene.fr\/wp-content\/uploads\/2021\/10\/test-visuel-anniversaire-1140x1612.jpg 1140w, https:\/\/bouffscene.fr\/wp-content\/uploads\/2021\/10\/test-visuel-anniversaire-600x849.jpg 600w, https:\/\/bouffscene.fr\/wp-content\/uploads\/2021\/10\/test-visuel-anniversaire.jpg 1680w\" sizes=\"(max-width: 300px) 100vw, 300px\" \/><\/h1>\n<p>&nbsp;<\/p>\n<h1 style=\"text-align: center;\"><span style=\"color: #3366ff;\"><strong>D\u00e9roulement de l&rsquo;anniversaire\u00a0<\/strong><\/span><\/h1>\n<p>14h : Accueil des enfants<\/p>\n<p>14h30 : D\u00e9but de l&rsquo;animation (dur\u00e9e de 45 min \u00e0 60 min)<\/p>\n<p>G\u00e2teau + Ouverture des cadeaux<\/p>\n<p>16h : Jeux sur sc\u00e8ne ou boum\u00a0<\/p>\n<p>16h30 : Fin de l&rsquo;anniversaire<\/p>\n<p>&nbsp;<\/p>\n<h1 style=\"text-align: center;\"><span style=\"color: #3366ff;\"><strong>Services fournis<\/strong><\/span><\/h1>\n<ul>\n<li>Privatisation de la salle<\/li>\n<li>Envoi des cartons d&rsquo;invitations par mail<\/li>\n<li>Nappe + couverts + gobelets<\/li>\n<li>Bonbons<\/li>\n<li>Boissons softs (jus de fruits + sirop)<\/li>\n<\/ul>\n<p><span style=\"color: #ff0000;\"><strong>Le g\u00e2teau est \u00e0 la charge des parents<\/strong><\/span><\/p>\n<p>&nbsp;<\/p>\n<h1 style=\"text-align: center;\"><span style=\"color: #3366ff;\"><strong>Tarif<\/strong><\/span><\/h1>\n<ul>\n<li><span style=\"color: #ff9900;\">Forfait 250\u20ac pour 10 enfants<\/span><\/li>\n<li><span style=\"color: #ff9900;\">Au-del\u00e0 du forfait, 15\u20ac par enfant suppl\u00e9mentaire<\/span> (limit\u00e9 \u00e0 15 enfants maximum au total)<\/li>\n<li><span style=\"color: #ff9900;\">Acompte de 50\u20ac \u00e0 verser pour confirmer la r\u00e9servation<\/span><\/li>\n<\/ul>\n<h1>\u00a0<\/h1>\n<p>&nbsp;<\/p>\n<h1 style=\"text-align: center;\"><span style=\"color: #3366ff;\"><strong>Nous contacter\u00a0<\/strong><\/span><\/h1>\n<p style=\"text-align: center;\"><a href=\"http:\/\/mailto : anniversairebouffscene@gmail.com\">\u00a0anniversairebouffscene@gmail.com<\/a><\/p>\n<p style=\"text-align: center;\">T\u00e9l : 06.28.74.29.84<\/p>\n<p style=\"text-align: center;\">\u00a0<\/p>\n<p style=\"text-align: center;\"><strong>Seuls les parents qui organisent l&rsquo;anniversaire auront le droit d&rsquo;y assister.<\/strong><\/p>\n<p>&nbsp;<\/p>\n","protected":false},"excerpt":{"rendered":"<p>&nbsp; &nbsp; Vous \u00eates \u00e0 cours d&rsquo;id\u00e9es pour organiser l&rsquo;anniversaire de vos enfants? Nous sommes l\u00e0 pour lui organiser un anniversaire unique et inoubliable. \u00a0 &nbsp; 4 formules au choix\u00a0 &nbsp; Chasse au tr\u00e9sor (+ un jeu personnalis\u00e9 en fonction des passions de l\u2019enfant : chanteur, dessins anim\u00e9s, \u2026) Enqu\u00eate Polici\u00e8re : Venez aider l&rsquo;inspecteur \u00e0 r\u00e9soudre une enqu\u00eate polici\u00e8re Escape Game Koh-Lanta Escape Game Fort Boyard ( \u00e0 partir du CM1) \u00a0 &nbsp; D\u00e9roulement de l&rsquo;anniversaire\u00a0 14h : Accueil des enfants 14h30 : D\u00e9but de l&rsquo;animation (dur\u00e9e de 45 min \u00e0 60 min) G\u00e2teau + Ouverture des cadeaux 16h : Jeux sur sc\u00e8ne ou boum\u00a0 16h30 : Fin de l&rsquo;anniversaire &nbsp; Services fournis Privatisation de la salle Envoi des cartons d&rsquo;invitations par mail Nappe + couverts + gobelets Bonbons Boissons softs (jus de fruits + sirop) Le g\u00e2teau est \u00e0 la charge des parents &nbsp; Tarif Forfait 250\u20ac pour 10 enfants Au-del\u00e0 du forfait, 15\u20ac par enfant suppl\u00e9mentaire (limit\u00e9 \u00e0 15 enfants maximum au total) Acompte de 50\u20ac \u00e0 verser pour confirmer la r\u00e9servation \u00a0 &nbsp; Nous contacter\u00a0 \u00a0anniversairebouffscene@gmail.com T\u00e9l : 06.28.74.29.84 \u00a0 Seuls les parents qui organisent l&rsquo;anniversaire auront le droit d&rsquo;y assister. &nbsp;<\/p>\n","protected":false},"author":1,"featured_media":0,"parent":0,"menu_order":0,"comment_status":"closed","ping_status":"closed","template":"","meta":{"footnotes":""},"class_list":["post-1243","page","type-page","status-publish","hentry"],"_links":{"self":[{"href":"https:\/\/bouffscene.fr\/index.php?rest_route=\/wp\/v2\/pages\/1243"}],"collection":[{"href":"https:\/\/bouffscene.fr\/index.php?rest_route=\/wp\/v2\/pages"}],"about":[{"href":"https:\/\/bouffscene.fr\/index.php?rest_route=\/wp\/v2\/types\/page"}],"author":[{"embeddable":true,"href":"https:\/\/bouffscene.fr\/index.php?rest_route=\/wp\/v2\/users\/1"}],"replies":[{"embeddable":true,"href":"https:\/\/bouffscene.fr\/index.php?rest_route=%2Fwp%2Fv2%2Fcomments&post=1243"}],"version-history":[{"count":30,"href":"https:\/\/bouffscene.fr\/index.php?rest_route=\/wp\/v2\/pages\/1243\/revisions"}],"predecessor-version":[{"id":2627,"href":"https:\/\/bouffscene.fr\/index.php?rest_route=\/wp\/v2\/pages\/1243\/revisions\/2627"}],"wp:attachment":[{"href":"https:\/\/bouffscene.fr\/index.php?rest_route=%2Fwp%2Fv2%2Fmedia&parent=1243"}],"curies":[{"name":"wp","href":"https:\/\/api.w.org\/{rel}","templated":true}]}}