{"id":281,"date":"2020-04-23T11:36:23","date_gmt":"2020-04-23T09:36:23","guid":{"rendered":"http:\/\/bouffscene.fr\/?page_id=281"},"modified":"2025-09-16T08:56:41","modified_gmt":"2025-09-16T06:56:41","slug":"cours","status":"publish","type":"page","link":"https:\/\/bouffscene.fr\/?page_id=281","title":{"rendered":"COURS"},"content":{"rendered":"<article class=\"col-md-12\">\r\n<div class=\"post-290 page type-page status-publish has-post-thumbnail hentry\">\r\n<div class=\"main-content-page\">\r\n<div class=\"entry-content\">\r\n<div class=\"page\" title=\"Page 1\">\r\n<div class=\"section\">\r\n<div class=\"layoutArea\">\r\n<div class=\"column\">\r\n<h2>\u00a0<\/h2>\r\n<h5>\u00a0<\/h5>\r\n<h5>Cours de <span style=\"color: #3366ff;\">com\u00e9die<\/span> tout \u00e2ge, tout niveau, o\u00f9 on m\u00eale travail,<\/h5>\r\n<h5>d\u00e9tente et<span style=\"color: #3366ff;\"> bonne humeur<\/span>.<\/h5>\r\n<h5>On est l\u00e0 pour <span style=\"color: #3366ff;\">s\u2019amuser<\/span> avant tout.<\/h5>\r\n<p>&nbsp;<\/p>\r\n<\/div>\r\n<\/div>\r\n<\/div>\r\n<\/div>\r\n<\/div>\r\n<\/div>\r\n<\/div>\r\n<\/article>\r\n<h2>\u00a0<\/h2>\r\n<h2 style=\"text-align: center;\"><span style=\"color: #ff0000;\">SAISON 2025 \/ 2026<\/span><\/h2>\r\n<h2 style=\"text-align: center;\"><span style=\"color: #ff0000;\">REPRISE A PARTIR DU 1er SEPTEMBRE 2025<\/span><\/h2>\r\n<p>&nbsp;<\/p>\r\n<p>&nbsp;<\/p>\r\n<p>&nbsp;<\/p>\r\n<article class=\"col-md-12\">\r\n<div class=\"post-290 page type-page status-publish has-post-thumbnail hentry\">\r\n<div class=\"main-content-page\">\r\n<div class=\"entry-content\">\r\n<h1><span style=\"color: #99cc00;\"><strong>COURS ADULTES<\/strong><\/span><\/h1>\r\n<\/div>\r\n<\/div>\r\n<\/div>\r\n<\/article>\r\n<article class=\"col-md-12\">\r\n<div class=\"post-290 page type-page status-publish has-post-thumbnail hentry\">\r\n<div class=\"main-content-page\">\r\n<div class=\"entry-content\">\r\n<p>&nbsp;<\/p>\r\n<p style=\"text-align: left;\"><strong style=\"color: #000000; text-align: left;\">Le Lundi de 17h \u00e0 19h30<\/strong><\/p>\r\n<\/div>\r\n<\/div>\r\n<\/div>\r\n<\/article>\r\n<div class=\"entry-content\">\r\n<p style=\"text-align: left;\"><span style=\"color: #ff9900;\"><em>Tarif: 65\u20ac\/mois + 20\u20ac de frais\u00a0d\u2019inscription ou 175\u20ac\/trimestre + 20\u20ac de frais d&rsquo;inscriptions<\/em><\/span><\/p>\r\n<\/div>\r\n<div class=\"entry-content\">\r\n<p>Comprenant 2 spectacles par an<\/p>\r\n<p style=\"text-align: center;\"><span style=\"color: #0000ff;\">R\u00e9union d&rsquo;informations le Lundi 1er Septembre 2025 \u00e0 17h00, suivi du cours d&rsquo;essai gratuit\u00a0<\/span><\/p>\r\n<\/div>\r\n<article class=\"col-md-12\">\r\n<div class=\"post-290 page type-page status-publish has-post-thumbnail hentry\">\r\n<div class=\"main-content-page\">\r\n<div class=\"entry-content\">\r\n<p>&nbsp;<\/p>\r\n<p style=\"text-align: left;\"><span style=\"color: #000000;\"><strong>Du Lundi au Jeudi de 20h30 \u00e0 23h<\/strong><\/span><\/p>\r\n<p style=\"text-align: left;\"><span style=\"color: #ff9900;\"><em>Tarif: 65\u20ac\/mois + 20\u20ac de frais\u00a0d\u2019inscription ou 175\u20ac\/trimestre + 20\u20ac de frais d&rsquo;inscriptions<\/em><\/span><\/p>\r\n<p>Comprenant 2 spectacles par an<\/p>\r\n<p style=\"text-align: center;\"><span style=\"color: #0000ff;\">R\u00e9union d&rsquo;informations le Jeudi 4 Septembre 2025 \u00e0 20h30, suivi du cours d&rsquo;essai gratuit\u00a0<\/span><\/p>\r\n<p>&nbsp;<\/p>\r\n<h1><span style=\"color: #99cc00;\"><strong>COURS ADOS<\/strong><\/span><\/h1>\r\n<p><strong>Le Mercredi de 16h \u00e0 18h<\/strong><\/p>\r\n<p>A partir de la 5\u00e8me<br \/><span style=\"color: #ff9900;\"><em>Tarif: 50\u20ac\/mois + 20\u20ac de frais\u00a0d\u2019inscription<\/em><\/span><\/p>\r\n<p>Comprenant 1 spectacle par an<\/p>\r\n<p style=\"text-align: center;\"><span style=\"color: #0000ff;\">R\u00e9union d&rsquo;informations le Mercredi 3 Septembre 2025 \u00e0 16h, suivi du cours d&rsquo;essai gratuit\u00a0<\/span><\/p>\r\n<p style=\"text-align: center;\"><em>En fonction du nombre d\u2019inscrits, le cours pourra \u00eatre s\u00e9par\u00e9 en fonction des \u00e2ges et les horaires modifi\u00e9es<\/em><\/p>\r\n<p>&nbsp;<\/p>\r\n<h1><span style=\"color: #99cc00;\"><strong>COURS ENFANTS<\/strong><\/span><\/h1>\r\n<\/div>\r\n<div class=\"entry-content\">\r\n<p>&nbsp;<\/p>\r\n<p><strong>Le Samedi de 10h \u00e0 11h<\/strong><\/p>\r\n<\/div>\r\n<div class=\"entry-content\">(Grande Sect. Mat \/ CE2)\r\n<p><span style=\"color: #ff9900;\"><em>Tarif: 45\u20ac\/mois + 15\u20ac de frais\u00a0d\u2019inscription<\/em><\/span><\/p>\r\n<p>Comprenant 1 spectacle par an<\/p>\r\n<p style=\"text-align: center;\"><span style=\"color: #0000ff;\">R\u00e9union d&rsquo;informations le\u00a0<span style=\"caret-color: #0000ff;\">Samedi<\/span> 6 Septembre 2025 \u00e0 10h00, suivi du cours d&rsquo;essai gratuit\u00a0<\/span><\/p>\r\n<p>&nbsp;<\/p>\r\n<p><strong>Le Samedi de 11h \u00e0 12h<\/strong><\/p>\r\n<\/div>\r\n<div class=\"entry-content\">(CM1 \u00e0 6\u00e8me)<\/div>\r\n<div class=\"entry-content\"><span style=\"color: #ff9900;\"><em>Tarif: 45\u20ac\/mois + 15\u20ac de frais\u00a0d\u2019inscription<\/em><\/span>\r\n<p>Comprenant 1 spectacle par an<\/p>\r\n<p style=\"text-align: center;\"><span style=\"color: #0000ff;\">R\u00e9union d&rsquo;informations le\u00a0<span style=\"caret-color: #0000ff;\">Samedi<\/span> 6 Septembre 2025 \u00e0 11h00, suivi du cours d&rsquo;essai gratuit<\/span><\/p>\r\n<h1>\u00a0<\/h1>\r\n<\/div>\r\n<\/div>\r\n<h1><span style=\"color: #99cc00;\"><strong>CREATION DE SPECTACLE<\/strong><\/span><\/h1>\r\n<p>Destin\u00e9 \u00e0 celles et ceux qui souhaitent \u00e9crire et cr\u00e9er leur propre spectacle, one man show, stand up<\/p>\r\n<p>Aide \u00e0 l\u2019\u00e9criture, \u00e0 la relecture, mise en sc\u00e8ne et programmation<\/p>\r\n<p><span style=\"color: #ff9900;\"><em>Tarif : nous contacter\u00a0<\/em><\/span><\/p>\r\n<div class=\"main-content-page\">\r\n<div class=\"entry-content\">\r\n<h1>\u00a0<\/h1>\r\n<\/div>\r\n<\/div>\r\n<\/div>\r\n<\/article>\r\n<h2>\u00a0<\/h2>\r\n<p><\/p>\r\n<p>&nbsp;<\/p>\r\n<p><\/p>","protected":false},"excerpt":{"rendered":"<p>\u00a0 \u00a0 Cours de com\u00e9die tout \u00e2ge, tout niveau, o\u00f9 on m\u00eale travail, d\u00e9tente et bonne humeur. On est l\u00e0 pour s\u2019amuser avant tout. &nbsp; \u00a0 SAISON 2025 \/ 2026 REPRISE A PARTIR DU 1er SEPTEMBRE 2025 &nbsp; &nbsp; &nbsp; COURS ADULTES &nbsp; Le Lundi de 17h \u00e0 19h30 Tarif: 65\u20ac\/mois + 20\u20ac de frais\u00a0d\u2019inscription ou 175\u20ac\/trimestre + 20\u20ac de frais d&rsquo;inscriptions Comprenant 2 spectacles par an R\u00e9union d&rsquo;informations le Lundi 1er Septembre 2025 \u00e0 17h00, suivi du cours d&rsquo;essai gratuit\u00a0 &nbsp; Du Lundi au Jeudi de 20h30 \u00e0 23h Tarif: 65\u20ac\/mois + 20\u20ac de frais\u00a0d\u2019inscription ou 175\u20ac\/trimestre + 20\u20ac de frais d&rsquo;inscriptions Comprenant 2 spectacles par an R\u00e9union d&rsquo;informations le Jeudi 4 Septembre 2025 \u00e0 20h30, suivi du cours d&rsquo;essai gratuit\u00a0 &nbsp; COURS ADOS Le Mercredi de 16h \u00e0 18h A partir de la 5\u00e8meTarif: 50\u20ac\/mois + 20\u20ac de frais\u00a0d\u2019inscription Comprenant 1 spectacle par an R\u00e9union d&rsquo;informations le Mercredi 3 Septembre 2025 \u00e0 16h, suivi du cours d&rsquo;essai gratuit\u00a0 En fonction du nombre d\u2019inscrits, le cours pourra \u00eatre s\u00e9par\u00e9 en fonction des \u00e2ges et les horaires modifi\u00e9es &nbsp; COURS ENFANTS &nbsp; Le Samedi de 10h \u00e0 11h (Grande Sect. Mat \/ CE2) Tarif: 45\u20ac\/mois + 15\u20ac de frais\u00a0d\u2019inscription Comprenant 1 spectacle par an R\u00e9union d&rsquo;informations le\u00a0Samedi 6 Septembre 2025 \u00e0 10h00, suivi du cours d&rsquo;essai gratuit\u00a0 &nbsp; Le Samedi de 11h \u00e0 12h (CM1 \u00e0 6\u00e8me) Tarif: 45\u20ac\/mois + 15\u20ac de frais\u00a0d\u2019inscription Comprenant 1 spectacle par an R\u00e9union d&rsquo;informations le\u00a0Samedi 6 Septembre 2025 \u00e0 11h00, suivi du cours d&rsquo;essai gratuit \u00a0 CREATION DE SPECTACLE Destin\u00e9 \u00e0 celles et ceux qui souhaitent \u00e9crire et cr\u00e9er leur propre spectacle, one man show, stand up Aide \u00e0 l\u2019\u00e9criture, \u00e0 la relecture, mise en sc\u00e8ne et programmation Tarif : nous contacter\u00a0 \u00a0 \u00a0 &nbsp;<\/p>\n","protected":false},"author":1,"featured_media":0,"parent":0,"menu_order":0,"comment_status":"closed","ping_status":"closed","template":"","meta":{"footnotes":""},"class_list":["post-281","page","type-page","status-publish","hentry"],"_links":{"self":[{"href":"https:\/\/bouffscene.fr\/index.php?rest_route=\/wp\/v2\/pages\/281"}],"collection":[{"href":"https:\/\/bouffscene.fr\/index.php?rest_route=\/wp\/v2\/pages"}],"about":[{"href":"https:\/\/bouffscene.fr\/index.php?rest_route=\/wp\/v2\/types\/page"}],"author":[{"embeddable":true,"href":"https:\/\/bouffscene.fr\/index.php?rest_route=\/wp\/v2\/users\/1"}],"replies":[{"embeddable":true,"href":"https:\/\/bouffscene.fr\/index.php?rest_route=%2Fwp%2Fv2%2Fcomments&post=281"}],"version-history":[{"count":84,"href":"https:\/\/bouffscene.fr\/index.php?rest_route=\/wp\/v2\/pages\/281\/revisions"}],"predecessor-version":[{"id":2661,"href":"https:\/\/bouffscene.fr\/index.php?rest_route=\/wp\/v2\/pages\/281\/revisions\/2661"}],"wp:attachment":[{"href":"https:\/\/bouffscene.fr\/index.php?rest_route=%2Fwp%2Fv2%2Fmedia&parent=281"}],"curies":[{"name":"wp","href":"https:\/\/api.w.org\/{rel}","templated":true}]}}