{"id":522,"date":"2020-04-30T10:50:45","date_gmt":"2020-04-30T08:50:45","guid":{"rendered":"http:\/\/bouffscene.fr\/?page_id=522"},"modified":"2025-08-09T15:15:48","modified_gmt":"2025-08-09T13:15:48","slug":"localisation","status":"publish","type":"page","link":"https:\/\/bouffscene.fr\/?page_id=522","title":{"rendered":"Plan"},"content":{"rendered":"<p><iframe loading=\"lazy\" style=\"border: 0;\" tabindex=\"0\" src=\"https:\/\/www.google.com\/maps\/embed?pb=!1m18!1m12!1m3!1d2884.2170129442384!2d7.280582951508876!3d43.70603897901701!2m3!1f0!2f0!3f0!3m2!1i1024!2i768!4f13.1!3m3!1m2!1s0x12cddab694e9e1c9%3A0x580b96f05f1824a3!2zQm91ZmbigJlTY8OobmUgTGUgQ2Fmw6ktdGjDqcOidHJlIGRlIE5pY2U!5e0!3m2!1sfr!2sfr!4v1588236618457!5m2!1sfr!2sfr\" width=\"600\" height=\"450\" frameborder=\"0\" allowfullscreen=\"allowfullscreen\" aria-hidden=\"false\"><\/iframe><\/p>\n<p>Nous sommes situ\u00e9s \u00e0 la sortie Est de la voie rapide<br \/>\u00e0 100m de Carrefour Nice TNL.<\/p>\n<p><strong>Arr\u00eat de tram :<\/strong> R\u00e9publique ou Palais des Expositions<\/p>\n<p><strong>Arr\u00eat de bus<\/strong> : Ligne 3, arr\u00eat R\u00e9publique\/Delfino<\/p>\n<p><strong>Parking \u00e0 proximit\u00e9 :<\/strong> Parking Jean Bouin<\/p>\n<p>&nbsp;<\/p>\n<p>&nbsp;<\/p>\n<p>&nbsp;<\/p>\n","protected":false},"excerpt":{"rendered":"<p>Nous sommes situ\u00e9s \u00e0 la sortie Est de la voie rapide\u00e0 100m de Carrefour Nice TNL. Arr\u00eat de tram : R\u00e9publique ou Palais des Expositions Arr\u00eat de bus : Ligne 3, arr\u00eat R\u00e9publique\/Delfino Parking \u00e0 proximit\u00e9 : Parking Jean Bouin &nbsp; &nbsp; &nbsp;<\/p>\n","protected":false},"author":1,"featured_media":0,"parent":0,"menu_order":0,"comment_status":"closed","ping_status":"closed","template":"","meta":{"footnotes":""},"class_list":["post-522","page","type-page","status-publish","hentry"],"_links":{"self":[{"href":"https:\/\/bouffscene.fr\/index.php?rest_route=\/wp\/v2\/pages\/522"}],"collection":[{"href":"https:\/\/bouffscene.fr\/index.php?rest_route=\/wp\/v2\/pages"}],"about":[{"href":"https:\/\/bouffscene.fr\/index.php?rest_route=\/wp\/v2\/types\/page"}],"author":[{"embeddable":true,"href":"https:\/\/bouffscene.fr\/index.php?rest_route=\/wp\/v2\/users\/1"}],"replies":[{"embeddable":true,"href":"https:\/\/bouffscene.fr\/index.php?rest_route=%2Fwp%2Fv2%2Fcomments&post=522"}],"version-history":[{"count":24,"href":"https:\/\/bouffscene.fr\/index.php?rest_route=\/wp\/v2\/pages\/522\/revisions"}],"predecessor-version":[{"id":2630,"href":"https:\/\/bouffscene.fr\/index.php?rest_route=\/wp\/v2\/pages\/522\/revisions\/2630"}],"wp:attachment":[{"href":"https:\/\/bouffscene.fr\/index.php?rest_route=%2Fwp%2Fv2%2Fmedia&parent=522"}],"curies":[{"name":"wp","href":"https:\/\/api.w.org\/{rel}","templated":true}]}}