{"id":966,"date":"2020-05-06T12:47:46","date_gmt":"2020-05-06T10:47:46","guid":{"rendered":"http:\/\/bouffscene.fr\/?page_id=966"},"modified":"2026-04-27T19:46:03","modified_gmt":"2026-04-27T17:46:03","slug":"billeterie-boutique","status":"publish","type":"page","link":"https:\/\/bouffscene.fr\/?page_id=966","title":{"rendered":"BILLETTERIE"},"content":{"rendered":"<h1 style=\"text-align: center;\">\u00a0<\/h1>\n<h1 style=\"text-align: center;\"><img loading=\"lazy\" decoding=\"async\" class=\"wp-image-466 aligncenter\" src=\"http:\/\/bouffscene.fr\/wp-content\/uploads\/2020\/04\/logo-cours--300x283.png\" alt=\"\" width=\"150\" height=\"142\" srcset=\"https:\/\/bouffscene.fr\/wp-content\/uploads\/2020\/04\/logo-cours--300x283.png 300w, https:\/\/bouffscene.fr\/wp-content\/uploads\/2020\/04\/logo-cours-.png 521w\" sizes=\"(max-width: 150px) 100vw, 150px\" \/><\/h1>\n<p>&nbsp;<\/p>\n<h3>\u00a0<\/h3>\n<h4 style=\"text-align: center;\"><span style=\"color: #ff0000;\"><strong>Les billets ne sont ni remboursables, ni \u00e9changeables<\/strong><\/span><\/h4>\n<h4 style=\"text-align: center;\"><span style=\"color: #ff0000;\"><strong>sauf en cas d&rsquo;annulation par l&rsquo;organisateur.<\/strong><\/span><\/h4>\n<p>&nbsp;<\/p>\n<p style=\"text-align: center;\"><em>Les portes du th\u00e9\u00e2tre ouvriront 30 minutes avant le d\u00e9but de chaque repr\u00e9sentation.<\/em><\/p>\n<p>&nbsp;<\/p>\n<div dir=\"auto\">\u00a0<\/div>\n<p>&nbsp;<\/p>\n<p>&nbsp;<\/p>\n<p>&nbsp;<\/p>\n<h1 style=\"text-align: center;\"><span style=\"color: #0000ff;\">Samedi 23 Mai \u00e0 21h<\/span><\/h1>\n<h2 style=\"text-align: center;\"><strong><em><span style=\"color: #ff9900;\">Impro<\/span><\/em><\/strong><\/h2>\n<p>&nbsp;<\/p>\n<p><img loading=\"lazy\" decoding=\"async\" class=\"aligncenter wp-image-2815\" src=\"http:\/\/bouffscene.fr\/wp-content\/uploads\/2026\/04\/WhatsApp-Image-2026-04-24-at-19.27.40-212x300.jpeg\" width=\"321\" height=\"454\" srcset=\"https:\/\/bouffscene.fr\/wp-content\/uploads\/2026\/04\/WhatsApp-Image-2026-04-24-at-19.27.40-212x300.jpeg 212w, https:\/\/bouffscene.fr\/wp-content\/uploads\/2026\/04\/WhatsApp-Image-2026-04-24-at-19.27.40-724x1024.jpeg 724w, https:\/\/bouffscene.fr\/wp-content\/uploads\/2026\/04\/WhatsApp-Image-2026-04-24-at-19.27.40-768x1086.jpeg 768w, https:\/\/bouffscene.fr\/wp-content\/uploads\/2026\/04\/WhatsApp-Image-2026-04-24-at-19.27.40-600x848.jpeg 600w, https:\/\/bouffscene.fr\/wp-content\/uploads\/2026\/04\/WhatsApp-Image-2026-04-24-at-19.27.40.jpeg 906w\" sizes=\"(max-width: 321px) 100vw, 321px\" \/><\/p>\n<p>&nbsp;<\/p>\n<p style=\"text-align: center;\"><em>Impro Niss&rsquo;art vous propose un match d&rsquo;improvisation. <\/em><\/p>\n<p style=\"text-align: center;\"><em>Deux \u00e9quipes de com\u00e9diens s\u2019affrontent dans une joute th\u00e9\u00e2trale ou tout peut arriver .<\/em><br \/><em>L&rsquo;arbitre lance le th\u00e8me et le spectacle commence ! <\/em><br \/><em>Le public vote, r\u00e9agit\u2026 et fait basculer le match \u00e0 chaque instant.<\/em><\/p>\n<p style=\"text-align: center;\"><em>Une ambiance chaleureuse et conviviale o\u00f9 <\/em><em>vous n \u00eates pas un simple spectateur !<\/em><\/p>\n<p>&nbsp;<\/p>\n<p><a href=\"https:\/\/www.billetreduc.com\/spectacle\/match-improvisation-404381\"><img loading=\"lazy\" decoding=\"async\" class=\"aligncenter wp-image-1701\" src=\"http:\/\/bouffscene.fr\/wp-content\/uploads\/2022\/04\/bouton-je-reserve-ma-place-01-300x81.png\" width=\"250\" height=\"68\" srcset=\"https:\/\/bouffscene.fr\/wp-content\/uploads\/2022\/04\/bouton-je-reserve-ma-place-01-300x81.png 300w, https:\/\/bouffscene.fr\/wp-content\/uploads\/2022\/04\/bouton-je-reserve-ma-place-01-500x136.png 500w, https:\/\/bouffscene.fr\/wp-content\/uploads\/2022\/04\/bouton-je-reserve-ma-place-01.png 503w\" sizes=\"(max-width: 250px) 100vw, 250px\" \/><\/a><\/p>\n<p>&nbsp;<\/p>\n<p>&nbsp;<\/p>\n<hr \/>\n<p>&nbsp;<\/p>\n<h1 style=\"text-align: center;\"><span style=\"color: #0000ff;\">Vendredi 29 et Samedi 30 Mai \u00e0 21h<\/span><\/h1>\n<h2 style=\"text-align: center;\"><strong><em><span style=\"color: #ff9900;\">Pi\u00e8ce de Th\u00e9\u00e2tre<\/span><\/em><\/strong><\/h2>\n<p>&nbsp;<\/p>\n<p><img loading=\"lazy\" decoding=\"async\" class=\"aligncenter wp-image-2804\" src=\"http:\/\/bouffscene.fr\/wp-content\/uploads\/2026\/04\/aff-br-212x300.jpeg\" width=\"321\" height=\"455\" srcset=\"https:\/\/bouffscene.fr\/wp-content\/uploads\/2026\/04\/aff-br-212x300.jpeg 212w, https:\/\/bouffscene.fr\/wp-content\/uploads\/2026\/04\/aff-br.jpeg 452w\" sizes=\"(max-width: 321px) 100vw, 321px\" \/><\/p>\n<p>&nbsp;<\/p>\n<p style=\"text-align: center;\"><em>Nathalie et Marco veulent aller au cin\u00e9ma, mais Damien le meilleur ami de Marco s&rsquo;invite \u00e0 l&rsquo;ap\u00e9ro pour pr\u00e9senter sa nouvelle conqu\u00eate.<\/em><\/p>\n<div id=\"event-long-bio\" class=\"event_description_text\">\n<p style=\"text-align: center;\"><em>Mais quand Mariette arrive, Nathalie semble la conna\u00eetre et effectivement dans le pass\u00e9 elles ont travaill\u00e9s ensemble.<\/em><\/p>\n<p style=\"text-align: center;\"><em>Pourquoi tant de myst\u00e8re ?<\/em><\/p>\n<\/div>\n<p style=\"text-align: center;\">\u00a0<\/p>\n<div class=\"event_artists_container_row\" style=\"text-align: center;\"><em><span class=\"artist_row_title\">Auteur :<\/span> Pascale Valentini-Daniel<\/em><\/div>\n<div>\u00a0<\/div>\n<div class=\"event_artists_container_row\" style=\"text-align: center;\"><em><span class=\"artist_row_title\">Artistes :<\/span> Franck Bertini, Jennifer CHARBIT, Eddy Moncuquet, Pascale Valentini-Daniel\u00a0<\/em><\/div>\n<div>\u00a0<\/div>\n<div>\u00a0<\/div>\n<p style=\"text-align: center;\"><strong>Vendredi 29 Mai<\/strong><\/p>\n<p><a href=\"https:\/\/www.billetreduc.com\/spectacle\/mariette-a-tue-robert-402680\"><img loading=\"lazy\" decoding=\"async\" class=\"aligncenter wp-image-1701\" src=\"http:\/\/bouffscene.fr\/wp-content\/uploads\/2022\/04\/bouton-je-reserve-ma-place-01-300x81.png\" width=\"250\" height=\"68\" srcset=\"https:\/\/bouffscene.fr\/wp-content\/uploads\/2022\/04\/bouton-je-reserve-ma-place-01-300x81.png 300w, https:\/\/bouffscene.fr\/wp-content\/uploads\/2022\/04\/bouton-je-reserve-ma-place-01-500x136.png 500w, https:\/\/bouffscene.fr\/wp-content\/uploads\/2022\/04\/bouton-je-reserve-ma-place-01.png 503w\" sizes=\"(max-width: 250px) 100vw, 250px\" \/><\/a><\/p>\n<p>&nbsp;<\/p>\n<p style=\"text-align: center;\"><strong>Samedi 30 Mai<\/strong><\/p>\n<p><a href=\"https:\/\/www.billetreduc.com\/spectacle\/mariette-a-tue-robert-402680\"><img loading=\"lazy\" decoding=\"async\" class=\"aligncenter wp-image-1701\" src=\"http:\/\/bouffscene.fr\/wp-content\/uploads\/2022\/04\/bouton-je-reserve-ma-place-01-300x81.png\" width=\"250\" height=\"68\" srcset=\"https:\/\/bouffscene.fr\/wp-content\/uploads\/2022\/04\/bouton-je-reserve-ma-place-01-300x81.png 300w, https:\/\/bouffscene.fr\/wp-content\/uploads\/2022\/04\/bouton-je-reserve-ma-place-01-500x136.png 500w, https:\/\/bouffscene.fr\/wp-content\/uploads\/2022\/04\/bouton-je-reserve-ma-place-01.png 503w\" sizes=\"(max-width: 250px) 100vw, 250px\" \/><\/a><\/p>\n<p>&nbsp;<\/p>\n<p>&nbsp;<\/p>\n<hr \/>\n<p>&nbsp;<\/p>\n<p>&nbsp;<\/p>\n<h1 style=\"text-align: center;\"><span style=\"color: #0000ff;\">Vendredi 5 et Samedi 6 Juin \u00e0 21h<\/span><\/h1>\n<h2 style=\"text-align: center;\"><strong><em><span style=\"color: #ff9900;\">Pi\u00e8ce de Th\u00e9\u00e2tre<\/span><\/em><\/strong><\/h2>\n<p>&nbsp;<\/p>\n<p><img loading=\"lazy\" decoding=\"async\" class=\"aligncenter wp-image-2806\" src=\"http:\/\/bouffscene.fr\/wp-content\/uploads\/2026\/04\/unnamed-4-210x300.jpeg\" width=\"321\" height=\"458\" srcset=\"https:\/\/bouffscene.fr\/wp-content\/uploads\/2026\/04\/unnamed-4-210x300.jpeg 210w, https:\/\/bouffscene.fr\/wp-content\/uploads\/2026\/04\/unnamed-4.jpeg 449w\" sizes=\"(max-width: 321px) 100vw, 321px\" \/><\/p>\n<p>&nbsp;<\/p>\n<p style=\"text-align: center;\"><em>Petit massacre entre amis&#8230;<\/em><\/p>\n<div id=\"event-long-bio\" class=\"event_description_text\">\n<p style=\"text-align: center;\"><em>Ou&#8230; comment se d\u00e9barrasser dans la m\u00eame soir\u00e9e de son mari, de sa femme, de sa ma\u00eetresse, de son amant et&#8230; de voisins encombrants. <\/em><\/p>\n<p style=\"text-align: center;\"><em>Magouilles, manipulations et crimes pas tout \u00e0 fait parfaits&#8230;<\/em><\/p>\n<p style=\"text-align: center;\"><em>Au Bal des Crapules, tout le monde danse.<\/em><\/p>\n<\/div>\n<p>&nbsp;<\/p>\n<div class=\"event_artists_container_row\" style=\"text-align: center;\"><em><span class=\"artist_row_title\">Auteur :<\/span> Luc Chaumar\u00a0<\/em><\/div>\n<div>\u00a0<\/div>\n<div class=\"event_artists_container_row\" style=\"text-align: center;\"><em><span class=\"artist_row_title\">Artistes:<\/span> Leslie Dava\u00efc, Eddy Moncuquet, Val\u00e9rie Pastorel, Laurent Villanova<\/em><\/div>\n<p>&nbsp;<\/p>\n<p>&nbsp;<\/p>\n<p style=\"text-align: center;\"><strong>Vendredi 5 Juin\u00a0<\/strong><\/p>\n<p><a href=\"https:\/\/www.billetreduc.com\/spectacle\/le-bal-des-crapules-402682\"><img loading=\"lazy\" decoding=\"async\" class=\"aligncenter wp-image-1701\" src=\"http:\/\/bouffscene.fr\/wp-content\/uploads\/2022\/04\/bouton-je-reserve-ma-place-01-300x81.png\" width=\"250\" height=\"68\" srcset=\"https:\/\/bouffscene.fr\/wp-content\/uploads\/2022\/04\/bouton-je-reserve-ma-place-01-300x81.png 300w, https:\/\/bouffscene.fr\/wp-content\/uploads\/2022\/04\/bouton-je-reserve-ma-place-01-500x136.png 500w, https:\/\/bouffscene.fr\/wp-content\/uploads\/2022\/04\/bouton-je-reserve-ma-place-01.png 503w\" sizes=\"(max-width: 250px) 100vw, 250px\" \/><\/a><\/p>\n<p>&nbsp;<\/p>\n<p style=\"text-align: center;\"><strong>Samedi 6 Juin\u00a0<\/strong><\/p>\n<p style=\"text-align: center;\"><a href=\"https:\/\/www.billetreduc.com\/spectacle\/le-bal-des-crapules-402682\"><img loading=\"lazy\" decoding=\"async\" class=\"aligncenter wp-image-1701\" src=\"http:\/\/bouffscene.fr\/wp-content\/uploads\/2022\/04\/bouton-je-reserve-ma-place-01-300x81.png\" width=\"250\" height=\"68\" srcset=\"https:\/\/bouffscene.fr\/wp-content\/uploads\/2022\/04\/bouton-je-reserve-ma-place-01-300x81.png 300w, https:\/\/bouffscene.fr\/wp-content\/uploads\/2022\/04\/bouton-je-reserve-ma-place-01-500x136.png 500w, https:\/\/bouffscene.fr\/wp-content\/uploads\/2022\/04\/bouton-je-reserve-ma-place-01.png 503w\" sizes=\"(max-width: 250px) 100vw, 250px\" \/><\/a><\/p>\n<p>&nbsp;<\/p>\n<hr \/>\n<p>&nbsp;<\/p>\n<h1 style=\"text-align: center;\"><span style=\"color: #0000ff;\">Samedi 20 Juin \u00e0 10h<\/span><\/h1>\n<h2 style=\"text-align: center;\"><strong><em><span style=\"color: #ff9900;\">Cours enfants du samedi de 10h \u00e0 11h<\/span><\/em><\/strong><\/h2>\n<p>&nbsp;<\/p>\n<p>&nbsp;<\/p>\n<p><img loading=\"lazy\" decoding=\"async\" class=\"aligncenter wp-image-2808\" src=\"http:\/\/bouffscene.fr\/wp-content\/uploads\/2026\/04\/affiche-petits-mag-212x300.jpeg\" width=\"321\" height=\"455\" srcset=\"https:\/\/bouffscene.fr\/wp-content\/uploads\/2026\/04\/affiche-petits-mag-212x300.jpeg 212w, https:\/\/bouffscene.fr\/wp-content\/uploads\/2026\/04\/affiche-petits-mag.jpeg 452w\" sizes=\"(max-width: 321px) 100vw, 321px\" \/><\/p>\n<p>&nbsp;<\/p>\n<p>&nbsp;<\/p>\n<p><a href=\"https:\/\/www.billetweb.fr\/les-pas-connus-spectacle-de-theatre-a-sketchs\"><img loading=\"lazy\" decoding=\"async\" class=\"aligncenter wp-image-1701\" src=\"http:\/\/bouffscene.fr\/wp-content\/uploads\/2022\/04\/bouton-je-reserve-ma-place-01-300x81.png\" width=\"250\" height=\"68\" srcset=\"https:\/\/bouffscene.fr\/wp-content\/uploads\/2022\/04\/bouton-je-reserve-ma-place-01-300x81.png 300w, https:\/\/bouffscene.fr\/wp-content\/uploads\/2022\/04\/bouton-je-reserve-ma-place-01-500x136.png 500w, https:\/\/bouffscene.fr\/wp-content\/uploads\/2022\/04\/bouton-je-reserve-ma-place-01.png 503w\" sizes=\"(max-width: 250px) 100vw, 250px\" \/><\/a><\/p>\n<p>&nbsp;<\/p>\n<p>&nbsp;<\/p>\n<hr \/>\n<p>&nbsp;<\/p>\n<h1 style=\"text-align: center;\"><span style=\"color: #0000ff;\">Samedi 20 Juin \u00e0 15h<\/span><\/h1>\n<h2 style=\"text-align: center;\"><strong><em><span style=\"color: #ff9900;\">Cours enfants du samedi de 11h \u00e0 12h<\/span><\/em><\/strong><\/h2>\n<p>&nbsp;<\/p>\n<p><img loading=\"lazy\" decoding=\"async\" class=\"aligncenter wp-image-2809\" src=\"http:\/\/bouffscene.fr\/wp-content\/uploads\/2026\/04\/affiche-grands-mag-212x300.jpeg\" width=\"321\" height=\"455\" srcset=\"https:\/\/bouffscene.fr\/wp-content\/uploads\/2026\/04\/affiche-grands-mag-212x300.jpeg 212w, https:\/\/bouffscene.fr\/wp-content\/uploads\/2026\/04\/affiche-grands-mag.jpeg 452w\" sizes=\"(max-width: 321px) 100vw, 321px\" \/><\/p>\n<p>&nbsp;<\/p>\n<p>&nbsp;<\/p>\n<p><a href=\"https:\/\/www.billetweb.fr\/les-pas-connus-cours-du-samedi-de-11h-a-12h\"><img loading=\"lazy\" decoding=\"async\" class=\"aligncenter wp-image-1701\" src=\"http:\/\/bouffscene.fr\/wp-content\/uploads\/2022\/04\/bouton-je-reserve-ma-place-01-300x81.png\" width=\"250\" height=\"68\" srcset=\"https:\/\/bouffscene.fr\/wp-content\/uploads\/2022\/04\/bouton-je-reserve-ma-place-01-300x81.png 300w, https:\/\/bouffscene.fr\/wp-content\/uploads\/2022\/04\/bouton-je-reserve-ma-place-01-500x136.png 500w, https:\/\/bouffscene.fr\/wp-content\/uploads\/2022\/04\/bouton-je-reserve-ma-place-01.png 503w\" sizes=\"(max-width: 250px) 100vw, 250px\" \/><\/a><\/p>\n<p>&nbsp;<\/p>\n<p>&nbsp;<\/p>\n<p>&nbsp;<\/p>\n","protected":false},"excerpt":{"rendered":"<p>\u00a0 &nbsp; \u00a0 Les billets ne sont ni remboursables, ni \u00e9changeables sauf en cas d&rsquo;annulation par l&rsquo;organisateur. &nbsp; Les portes du th\u00e9\u00e2tre ouvriront 30 minutes avant le d\u00e9but de chaque repr\u00e9sentation. &nbsp; \u00a0 &nbsp; &nbsp; &nbsp; Samedi 23 Mai \u00e0 21h Impro &nbsp; &nbsp; Impro Niss&rsquo;art vous propose un match d&rsquo;improvisation. Deux \u00e9quipes de com\u00e9diens s\u2019affrontent dans une joute th\u00e9\u00e2trale ou tout peut arriver .L&rsquo;arbitre lance le th\u00e8me et le spectacle commence ! Le public vote, r\u00e9agit\u2026 et fait basculer le match \u00e0 chaque instant. Une ambiance chaleureuse et conviviale o\u00f9 vous n \u00eates pas un simple spectateur ! &nbsp; &nbsp; &nbsp; &nbsp; Vendredi 29 et Samedi 30 Mai \u00e0 21h Pi\u00e8ce de Th\u00e9\u00e2tre &nbsp; &nbsp; Nathalie et Marco veulent aller au cin\u00e9ma, mais Damien le meilleur ami de Marco s&rsquo;invite \u00e0 l&rsquo;ap\u00e9ro pour pr\u00e9senter sa nouvelle conqu\u00eate. Mais quand Mariette arrive, Nathalie semble la conna\u00eetre et effectivement dans le pass\u00e9 elles ont travaill\u00e9s ensemble. Pourquoi tant de myst\u00e8re ? \u00a0 Auteur : Pascale Valentini-Daniel \u00a0 Artistes : Franck Bertini, Jennifer CHARBIT, Eddy Moncuquet, Pascale Valentini-Daniel\u00a0 \u00a0 \u00a0 Vendredi 29 Mai &nbsp; Samedi 30 Mai &nbsp; &nbsp; &nbsp; &nbsp; Vendredi 5 et Samedi 6 Juin \u00e0 21h Pi\u00e8ce de Th\u00e9\u00e2tre &nbsp; &nbsp; Petit massacre entre amis&#8230; Ou&#8230; comment se d\u00e9barrasser dans la m\u00eame soir\u00e9e de son mari, de sa femme, de sa ma\u00eetresse, de son amant et&#8230; de voisins encombrants. Magouilles, manipulations et crimes pas tout \u00e0 fait parfaits&#8230; Au Bal des Crapules, tout le monde danse. &nbsp; Auteur : Luc Chaumar\u00a0 \u00a0 Artistes: Leslie Dava\u00efc, Eddy Moncuquet, Val\u00e9rie Pastorel, Laurent Villanova &nbsp; &nbsp; Vendredi 5 Juin\u00a0 &nbsp; Samedi 6 Juin\u00a0 &nbsp; &nbsp; Samedi 20 Juin \u00e0 10h Cours enfants du samedi de 10h \u00e0 11h &nbsp; &nbsp; &nbsp; &nbsp; &nbsp; &nbsp; &nbsp; Samedi 20 Juin \u00e0 15h Cours enfants du samedi de 11h \u00e0 12h &nbsp; &nbsp; &nbsp; &nbsp; &nbsp; &nbsp;<\/p>\n","protected":false},"author":1,"featured_media":0,"parent":0,"menu_order":0,"comment_status":"closed","ping_status":"closed","template":"","meta":{"footnotes":""},"class_list":["post-966","page","type-page","status-publish","hentry"],"_links":{"self":[{"href":"https:\/\/bouffscene.fr\/index.php?rest_route=\/wp\/v2\/pages\/966"}],"collection":[{"href":"https:\/\/bouffscene.fr\/index.php?rest_route=\/wp\/v2\/pages"}],"about":[{"href":"https:\/\/bouffscene.fr\/index.php?rest_route=\/wp\/v2\/types\/page"}],"author":[{"embeddable":true,"href":"https:\/\/bouffscene.fr\/index.php?rest_route=\/wp\/v2\/users\/1"}],"replies":[{"embeddable":true,"href":"https:\/\/bouffscene.fr\/index.php?rest_route=%2Fwp%2Fv2%2Fcomments&post=966"}],"version-history":[{"count":593,"href":"https:\/\/bouffscene.fr\/index.php?rest_route=\/wp\/v2\/pages\/966\/revisions"}],"predecessor-version":[{"id":2816,"href":"https:\/\/bouffscene.fr\/index.php?rest_route=\/wp\/v2\/pages\/966\/revisions\/2816"}],"wp:attachment":[{"href":"https:\/\/bouffscene.fr\/index.php?rest_route=%2Fwp%2Fv2%2Fmedia&parent=966"}],"curies":[{"name":"wp","href":"https:\/\/api.w.org\/{rel}","templated":true}]}}