{"id":984,"date":"2020-05-23T17:20:07","date_gmt":"2020-05-23T15:20:07","guid":{"rendered":"http:\/\/bouffscene.fr\/?page_id=984"},"modified":"2023-11-13T20:33:53","modified_gmt":"2023-11-13T19:33:53","slug":"privatisation","status":"publish","type":"page","link":"https:\/\/bouffscene.fr\/?page_id=984","title":{"rendered":"PRIVATISATION"},"content":{"rendered":"<article class=\"col-md-12\">\r\n<div class=\"post-640 page type-page status-publish has-post-thumbnail hentry\">\r\n<div class=\"main-content-page\">\r\n<div class=\"entry-content\"><span style=\"color: #3366ff;\"><strong>Privatisation de la salle pour vos \u00e9v\u00e9nements priv\u00e9s ou professionnels<\/strong><\/span>\u00a0\r\n<ul>\r\n<li>Anniversaire<\/li>\r\n<li>Enterrement de vie de jeune fille<\/li>\r\n<li>Enterrement de vie de garcon<\/li>\r\n<li>Divorce<\/li>\r\n<li>Soir\u00e9e de fin d&rsquo;ann\u00e9e<\/li>\r\n<li>S\u00e9minaire<\/li>\r\n<li>Coaching en prise de parole (confiance en soi)<\/li>\r\n<\/ul>\r\n<div>\u00a0<\/div>\r\n<div class=\"entry-content\"><span style=\"color: #3366ff;\"><strong>Nos formules au choix<\/strong><\/span>\u00a0\r\n<ul>\r\n<li>Privatisation de la salle<\/li>\r\n<li>Privatisation de la salle + spectacle<\/li>\r\n<li>Privatisation de la salle + soir\u00e9e jeux\u00a0<\/li>\r\n<\/ul>\r\n<\/div>\r\n<\/div>\r\n<\/div>\r\n<\/div>\r\n<\/article>\r\n<article class=\"col-md-12\">\r\n<div class=\"post-640 page type-page status-publish has-post-thumbnail hentry\">\r\n<div class=\"main-content-page\">\r\n<div class=\"entry-content\">\r\n<div>\u00a0<\/div>\r\n<div class=\"entry-content\" style=\"text-align: center;\"><span style=\"color: #3366ff;\"><strong>Tarifs et autres renseignements nous consulter<\/strong><\/span>\u00a0<\/div>\r\n<\/div>\r\n<\/div>\r\n<\/div>\r\n<\/article>\r\n<p><img loading=\"lazy\" decoding=\"async\" class=\"aligncenter wp-image-198\" src=\"http:\/\/bouffscene.fr\/wp-content\/uploads\/2020\/04\/Wbn1Y4W0T56p5i66QN1syw-e1587386351733-scaled.jpg\" alt=\"\" width=\"1597\" height=\"1198\" srcset=\"https:\/\/bouffscene.fr\/wp-content\/uploads\/2020\/04\/Wbn1Y4W0T56p5i66QN1syw-e1587386351733-scaled.jpg 2560w, https:\/\/bouffscene.fr\/wp-content\/uploads\/2020\/04\/Wbn1Y4W0T56p5i66QN1syw-e1587386351733-scaled-600x450.jpg 600w, https:\/\/bouffscene.fr\/wp-content\/uploads\/2020\/04\/Wbn1Y4W0T56p5i66QN1syw-e1587386351733-300x225.jpg 300w, https:\/\/bouffscene.fr\/wp-content\/uploads\/2020\/04\/Wbn1Y4W0T56p5i66QN1syw-e1587386351733-768x576.jpg 768w, https:\/\/bouffscene.fr\/wp-content\/uploads\/2020\/04\/Wbn1Y4W0T56p5i66QN1syw-e1587386351733-1024x768.jpg 1024w\" sizes=\"(max-width: 1597px) 100vw, 1597px\" \/><\/p>\r\n<p style=\"text-align: center;\">Une autre alternative pour vos \u00e9v\u00e8nements priv\u00e9s ou professionnels dans un cadre joyeux et convivial<\/p>\r\n<p><img loading=\"lazy\" decoding=\"async\" class=\"aligncenter wp-image-153\" src=\"http:\/\/bouffscene.fr\/wp-content\/uploads\/2020\/04\/IMG_2109-scaled.jpeg\" alt=\"\" width=\"1619\" height=\"1214\" srcset=\"https:\/\/bouffscene.fr\/wp-content\/uploads\/2020\/04\/IMG_2109-scaled.jpeg 2560w, https:\/\/bouffscene.fr\/wp-content\/uploads\/2020\/04\/IMG_2109-scaled-600x450.jpeg 600w, https:\/\/bouffscene.fr\/wp-content\/uploads\/2020\/04\/IMG_2109-300x225.jpeg 300w, https:\/\/bouffscene.fr\/wp-content\/uploads\/2020\/04\/IMG_2109-768x576.jpeg 768w, https:\/\/bouffscene.fr\/wp-content\/uploads\/2020\/04\/IMG_2109-1024x768.jpeg 1024w, https:\/\/bouffscene.fr\/wp-content\/uploads\/2020\/04\/IMG_2109-1568x1176.jpeg 1568w\" sizes=\"(max-width: 1619px) 100vw, 1619px\" \/><\/p>\r\n<p style=\"text-align: center;\">Pensez \u00e0 nous<\/p>\r\n<p style=\"text-align: center;\"><img loading=\"lazy\" decoding=\"async\" class=\"wp-image-188 alignnone\" src=\"http:\/\/bouffscene.fr\/wp-content\/uploads\/2020\/04\/nlgojymITxWjdIaSnzFqDA-e1587385861572-scaled.jpg\" alt=\"\" width=\"1606\" height=\"1204\" srcset=\"https:\/\/bouffscene.fr\/wp-content\/uploads\/2020\/04\/nlgojymITxWjdIaSnzFqDA-e1587385861572-scaled.jpg 2560w, https:\/\/bouffscene.fr\/wp-content\/uploads\/2020\/04\/nlgojymITxWjdIaSnzFqDA-e1587385861572-scaled-600x450.jpg 600w, https:\/\/bouffscene.fr\/wp-content\/uploads\/2020\/04\/nlgojymITxWjdIaSnzFqDA-e1587385861572-300x225.jpg 300w, https:\/\/bouffscene.fr\/wp-content\/uploads\/2020\/04\/nlgojymITxWjdIaSnzFqDA-e1587385861572-768x576.jpg 768w, https:\/\/bouffscene.fr\/wp-content\/uploads\/2020\/04\/nlgojymITxWjdIaSnzFqDA-e1587385861572-1024x768.jpg 1024w\" sizes=\"(max-width: 1606px) 100vw, 1606px\" \/><\/p>\r\n<p style=\"text-align: center;\">Venez vous \u00e9clater<\/p>\r\n<p><\/p>\r\n<figure class=\"wp-block-image size-large\"><img loading=\"lazy\" decoding=\"async\" width=\"1024\" height=\"768\" class=\"wp-image-144\" src=\"http:\/\/bouffscene.fr\/wp-content\/uploads\/2020\/04\/IMG_1200-1024x768.jpg\" alt=\"\" srcset=\"https:\/\/bouffscene.fr\/wp-content\/uploads\/2020\/04\/IMG_1200-1024x768.jpg 1024w, https:\/\/bouffscene.fr\/wp-content\/uploads\/2020\/04\/IMG_1200-600x450.jpg 600w, https:\/\/bouffscene.fr\/wp-content\/uploads\/2020\/04\/IMG_1200-300x225.jpg 300w, https:\/\/bouffscene.fr\/wp-content\/uploads\/2020\/04\/IMG_1200-768x576.jpg 768w, https:\/\/bouffscene.fr\/wp-content\/uploads\/2020\/04\/IMG_1200.jpg 1334w\" sizes=\"(max-width: 1024px) 100vw, 1024px\" \/><\/figure>\r\n<p><\/p>","protected":false},"excerpt":{"rendered":"<p>Privatisation de la salle pour vos \u00e9v\u00e9nements priv\u00e9s ou professionnels\u00a0 Anniversaire Enterrement de vie de jeune fille Enterrement de vie de garcon Divorce Soir\u00e9e de fin d&rsquo;ann\u00e9e S\u00e9minaire Coaching en prise de parole (confiance en soi) \u00a0 Nos formules au choix\u00a0 Privatisation de la salle Privatisation de la salle + spectacle Privatisation de la salle + soir\u00e9e jeux\u00a0 \u00a0 Tarifs et autres renseignements nous consulter\u00a0 Une autre alternative pour vos \u00e9v\u00e8nements priv\u00e9s ou professionnels dans un cadre joyeux et convivial Pensez \u00e0 nous Venez vous \u00e9clater<\/p>\n","protected":false},"author":1,"featured_media":0,"parent":0,"menu_order":0,"comment_status":"closed","ping_status":"closed","template":"","meta":{"footnotes":""},"class_list":["post-984","page","type-page","status-publish","hentry"],"_links":{"self":[{"href":"https:\/\/bouffscene.fr\/index.php?rest_route=\/wp\/v2\/pages\/984"}],"collection":[{"href":"https:\/\/bouffscene.fr\/index.php?rest_route=\/wp\/v2\/pages"}],"about":[{"href":"https:\/\/bouffscene.fr\/index.php?rest_route=\/wp\/v2\/types\/page"}],"author":[{"embeddable":true,"href":"https:\/\/bouffscene.fr\/index.php?rest_route=\/wp\/v2\/users\/1"}],"replies":[{"embeddable":true,"href":"https:\/\/bouffscene.fr\/index.php?rest_route=%2Fwp%2Fv2%2Fcomments&post=984"}],"version-history":[{"count":13,"href":"https:\/\/bouffscene.fr\/index.php?rest_route=\/wp\/v2\/pages\/984\/revisions"}],"predecessor-version":[{"id":2130,"href":"https:\/\/bouffscene.fr\/index.php?rest_route=\/wp\/v2\/pages\/984\/revisions\/2130"}],"wp:attachment":[{"href":"https:\/\/bouffscene.fr\/index.php?rest_route=%2Fwp%2Fv2%2Fmedia&parent=984"}],"curies":[{"name":"wp","href":"https:\/\/api.w.org\/{rel}","templated":true}]}}